{"id":4188,"date":"2015-07-18T05:59:06","date_gmt":"2015-07-18T05:59:06","guid":{"rendered":"https:\/\/ccstage.devstage.cc\/contact\/"},"modified":"2025-10-01T06:06:39","modified_gmt":"2025-10-01T06:06:39","slug":"contact","status":"publish","type":"page","link":"https:\/\/www.creativecapsule.com\/de\/contact\/","title":{"rendered":"Kontaktieren Sie uns"},"content":{"rendered":"<div class=\"contact-headings-wrapper\">\n<h1>Wir freuen uns, von Ihnen zu h\u00f6ren.<\/h1>\n<p>Als zuverl\u00e4ssiger Technologiepartner unterst\u00fctzt Creative Capsule seine Kunden mit nachhaltigen, kosteneffizienten und messbaren Ergebnissen.<br \/>\n<br \/>\nM\u00f6chten Sie mehr \u00fcber unsere Dienstleistungen erfahren? F\u00fcllen Sie einfach das Formular aus und wir melden uns in K\u00fcrze bei Ihnen.<\/p>\n<p><a class=\"location-link\">View our locations<\/a><\/p>\n<\/div>\n","protected":false},"excerpt":{"rendered":"<p>Wir freuen uns, von Ihnen zu h\u00f6ren. Als zuverl\u00e4ssiger Technologiepartner unterst\u00fctzt Creative Capsule seine Kunden mit nachhaltigen, kosteneffizienten und messbaren Ergebnissen. M\u00f6chten Sie mehr \u00fcber unsere Dienstleistungen erfahren? F\u00fcllen Sie einfach das Formular aus und wir melden uns in K\u00fcrze bei Ihnen. View our locations<\/p>\n","protected":false},"author":1,"featured_media":0,"parent":0,"menu_order":0,"comment_status":"closed","ping_status":"closed","template":"template-contact.php","meta":{"footnotes":""},"class_list":["post-4188","page","type-page","status-publish","hentry"],"yoast_head":"<!-- This site is optimized with the Yoast SEO plugin v27.4 - https:\/\/yoast.com\/product\/yoast-seo-wordpress\/ -->\n<title>Kontaktieren Sie uns - Creative Capsule<\/title>\n<meta name=\"robots\" content=\"index, follow, max-snippet:-1, max-image-preview:large, max-video-preview:-1\" \/>\n<link rel=\"canonical\" href=\"https:\/\/www.creativecapsule.com\/de\/contact\/\" \/>\n<meta name=\"twitter:label1\" content=\"Gesch\u00e4tzte Lesezeit\" \/>\n\t<meta name=\"twitter:data1\" content=\"1\u00a0Minute\" \/>\n<script type=\"application\/ld+json\" class=\"yoast-schema-graph\">{\"@context\":\"https:\\\/\\\/schema.org\",\"@graph\":[{\"@type\":\"WebPage\",\"@id\":\"https:\\\/\\\/www.creativecapsule.com\\\/de\\\/contact\\\/\",\"url\":\"https:\\\/\\\/www.creativecapsule.com\\\/de\\\/contact\\\/\",\"name\":\"Kontaktieren Sie uns - Creative Capsule\",\"isPartOf\":{\"@id\":\"https:\\\/\\\/www.creativecapsule.com\\\/de\\\/#website\"},\"datePublished\":\"2015-07-18T05:59:06+00:00\",\"dateModified\":\"2025-10-01T06:06:39+00:00\",\"breadcrumb\":{\"@id\":\"https:\\\/\\\/www.creativecapsule.com\\\/de\\\/contact\\\/#breadcrumb\"},\"inLanguage\":\"de\",\"potentialAction\":[{\"@type\":\"ReadAction\",\"target\":[\"https:\\\/\\\/www.creativecapsule.com\\\/de\\\/contact\\\/\"]}]},{\"@type\":\"BreadcrumbList\",\"@id\":\"https:\\\/\\\/www.creativecapsule.com\\\/de\\\/contact\\\/#breadcrumb\",\"itemListElement\":[{\"@type\":\"ListItem\",\"position\":1,\"name\":\"Home\",\"item\":\"https:\\\/\\\/www.creativecapsule.com\\\/de\\\/\"},{\"@type\":\"ListItem\",\"position\":2,\"name\":\"Kontaktieren Sie uns\"}]},{\"@type\":\"WebSite\",\"@id\":\"https:\\\/\\\/www.creativecapsule.com\\\/de\\\/#website\",\"url\":\"https:\\\/\\\/www.creativecapsule.com\\\/de\\\/\",\"name\":\"Creative Capsule\",\"description\":\"\",\"potentialAction\":[{\"@type\":\"SearchAction\",\"target\":{\"@type\":\"EntryPoint\",\"urlTemplate\":\"https:\\\/\\\/www.creativecapsule.com\\\/de\\\/?s={search_term_string}\"},\"query-input\":{\"@type\":\"PropertyValueSpecification\",\"valueRequired\":true,\"valueName\":\"search_term_string\"}}],\"inLanguage\":\"de\"}]}<\/script>\n<!-- \/ Yoast SEO plugin. -->","yoast_head_json":{"title":"Kontaktieren Sie uns - Creative Capsule","robots":{"index":"index","follow":"follow","max-snippet":"max-snippet:-1","max-image-preview":"max-image-preview:large","max-video-preview":"max-video-preview:-1"},"canonical":"https:\/\/www.creativecapsule.com\/de\/contact\/","twitter_misc":{"Gesch\u00e4tzte Lesezeit":"1\u00a0Minute"},"schema":{"@context":"https:\/\/schema.org","@graph":[{"@type":"WebPage","@id":"https:\/\/www.creativecapsule.com\/de\/contact\/","url":"https:\/\/www.creativecapsule.com\/de\/contact\/","name":"Kontaktieren Sie uns - Creative Capsule","isPartOf":{"@id":"https:\/\/www.creativecapsule.com\/de\/#website"},"datePublished":"2015-07-18T05:59:06+00:00","dateModified":"2025-10-01T06:06:39+00:00","breadcrumb":{"@id":"https:\/\/www.creativecapsule.com\/de\/contact\/#breadcrumb"},"inLanguage":"de","potentialAction":[{"@type":"ReadAction","target":["https:\/\/www.creativecapsule.com\/de\/contact\/"]}]},{"@type":"BreadcrumbList","@id":"https:\/\/www.creativecapsule.com\/de\/contact\/#breadcrumb","itemListElement":[{"@type":"ListItem","position":1,"name":"Home","item":"https:\/\/www.creativecapsule.com\/de\/"},{"@type":"ListItem","position":2,"name":"Kontaktieren Sie uns"}]},{"@type":"WebSite","@id":"https:\/\/www.creativecapsule.com\/de\/#website","url":"https:\/\/www.creativecapsule.com\/de\/","name":"Creative Capsule","description":"","potentialAction":[{"@type":"SearchAction","target":{"@type":"EntryPoint","urlTemplate":"https:\/\/www.creativecapsule.com\/de\/?s={search_term_string}"},"query-input":{"@type":"PropertyValueSpecification","valueRequired":true,"valueName":"search_term_string"}}],"inLanguage":"de"}]}},"_links":{"self":[{"href":"https:\/\/www.creativecapsule.com\/de\/wp-json\/wp\/v2\/pages\/4188","targetHints":{"allow":["GET"]}}],"collection":[{"href":"https:\/\/www.creativecapsule.com\/de\/wp-json\/wp\/v2\/pages"}],"about":[{"href":"https:\/\/www.creativecapsule.com\/de\/wp-json\/wp\/v2\/types\/page"}],"author":[{"embeddable":true,"href":"https:\/\/www.creativecapsule.com\/de\/wp-json\/wp\/v2\/users\/1"}],"replies":[{"embeddable":true,"href":"https:\/\/www.creativecapsule.com\/de\/wp-json\/wp\/v2\/comments?post=4188"}],"version-history":[{"count":24,"href":"https:\/\/www.creativecapsule.com\/de\/wp-json\/wp\/v2\/pages\/4188\/revisions"}],"predecessor-version":[{"id":11282,"href":"https:\/\/www.creativecapsule.com\/de\/wp-json\/wp\/v2\/pages\/4188\/revisions\/11282"}],"wp:attachment":[{"href":"https:\/\/www.creativecapsule.com\/de\/wp-json\/wp\/v2\/media?parent=4188"}],"curies":[{"name":"wp","href":"https:\/\/api.w.org\/{rel}","templated":true}]}}